{"id":292,"date":"2024-08-15T12:14:18","date_gmt":"2024-08-15T10:14:18","guid":{"rendered":"https:\/\/earth3000.org\/content\/?page_id=292"},"modified":"2026-03-02T16:14:06","modified_gmt":"2026-03-02T15:14:06","slug":"current-engagements","status":"publish","type":"page","link":"https:\/\/earth3000.org\/content\/current-engagements\/","title":{"rendered":"Current Engagements"},"content":{"rendered":"<p><span lang=\"EN-US\">Since its founding in 2001 Earth3000 has made numerous contributions to Innovations in Governance for Environment and Development. We have collaborated with other organizations in three interdependent fields of activity: Biodiversity, Climate, Green Economy &#8211; Development Cooperation, Human Rights, and Culture &#8211; Academic Engagements.<\/span><\/p>\n<p>&nbsp;<\/p>\n<p><img loading=\"lazy\" decoding=\"async\" class=\"alignleft size-full wp-image-11\" src=\"https:\/\/earth3000.org\/content\/wp-content\/uploads\/2016\/09\/iea-logo-en.png\" alt=\"iea-logo-en\" width=\"207\" height=\"87\" \/><strong>Instituto de Estudos Avan\u00e7ados, University of Sao Paulo<br \/>\n<\/strong>Coordinator Programa Amazonia em Transforma\u00e7\u00e3o\/<span lang=\"PT-BR\">Amaz\u00f4nia<\/span> 4.0<\/p>\n<p>&nbsp;<\/p>\n<p>&nbsp;<\/p>\n<p><strong>Universidade de S\u00e3o Paulo (InovaUSP)<\/strong><img loading=\"lazy\" decoding=\"async\" class=\"alignleft size-full wp-image-350\" src=\"https:\/\/earth3000.org\/content\/wp-content\/uploads\/2026\/03\/inova-logo.png\" alt=\"\" width=\"190\" height=\"64\" \/><br \/>\nMember, Conselho Superior do Centro de <span lang=\"PT-BR\">Inova\u00e7\u00e3o da Universidade de S\u00e3o Paulo (InovaUSP)<\/span><\/p>\n<p>&nbsp;<\/p>\n<p><img loading=\"lazy\" decoding=\"async\" class=\"alignleft size-full wp-image-282\" src=\"https:\/\/earth3000.org\/content\/wp-content\/uploads\/2016\/09\/instituto-amazonia.jpg\" alt=\"instituto-amazonia\" width=\"250\" height=\"119\" \/><strong><br \/>\nPrograma Amazonia 4.0 &#8211; Amazonia Institute of Technology &#8211; AmIT<\/strong><br \/>\n<a href=\"https:\/\/amazonia4.org\/amit\/\" target=\"_blank\" rel=\"noopener\">https:\/\/amazonia4.org\/amit\/<br \/>\n<\/a><strong>Programa Amazonia 4.0 \u2013 Rainforest Business School Network<\/strong><\/p>\n<p>&nbsp;<\/p>\n<p><strong><img loading=\"lazy\" decoding=\"async\" class=\"alignleft size-full wp-image-286\" src=\"https:\/\/earth3000.org\/content\/wp-content\/uploads\/2016\/09\/amazonia4.0-wappen-1.jpg\" alt=\"amazonia4.0-wappen\" width=\"86\" height=\"100\" \/>Instituto Amazonia 4.0, Member Conselho Cientifico<br \/>\n<\/strong><a href=\"https:\/\/amazonia4.org\/\" target=\"_blank\" rel=\"noopener\">www.amazonia4.org<\/a><\/p>\n<p>&nbsp;<\/p>\n<p>&nbsp;<\/p>\n<p><strong><img loading=\"lazy\" decoding=\"async\" class=\"alignleft size-full wp-image-297\" src=\"https:\/\/earth3000.org\/content\/wp-content\/uploads\/2024\/08\/science-panel.jpg\" alt=\"science-panel\" width=\"210\" height=\"108\" \/><b>Science Panel for the Amazon (SPA), <\/b><\/strong>Member<br \/>\nunder the auspices of the Sustainable Development Solutions Network (SDSN), the world\u2019s first high level science initiative dedicated to the survival of the Amazon Basin<br \/>\n<a href=\"https:\/\/www.theamazonwewant.org\">www.theamazonwewant.org<\/a><\/p>\n<p>&nbsp;<\/p>\n<p><img loading=\"lazy\" decoding=\"async\" class=\"alignleft size-full wp-image-175\" src=\"https:\/\/earth3000.org\/content\/wp-content\/uploads\/2016\/09\/rainforest-social-business-.jpg\" alt=\"rainforest-social-business-\" width=\"296\" height=\"79\" \/><br \/>\nAdvisor at the World\u2019s first Rainforest Business School, located in Manaus, Brazil: UEA Rainforest Social Business School<br \/>\n<a href=\"http:\/\/rsbusinesschool.uea.edu.br\/\" target=\"_blank\" rel=\"noopener\">http:\/\/rsbusinesschool.uea.edu.br<\/a><\/p>\n<p>&nbsp;<\/p>\n<p><img loading=\"lazy\" decoding=\"async\" class=\"alignleft size-full wp-image-54\" src=\"http:\/\/earth3000.org\/content\/wp-content\/uploads\/2016\/09\/worldheritagewatch2.png\" alt=\"worldheritagewatch2\" width=\"200\" height=\"50\" \/><strong>World Heritage Watch e.V. \u2013 Berlin (Co-founder &amp; President)<\/strong><br \/>\nWorld Heritage Watch is an independent non-governmental organization founded in 2014. World Heritage Watch focuses on the UNESCO World Heritage properties, both cultural and natural, and both inscribed and listed tentatively, in close cooperation with local communities. As an international NGO it seeks to contribute towards capacity-building and sustainable local support for World Heritage properties at local level.<br \/>\n<a href=\"http:\/\/www.world-heritage-watch.org\">www.world-heritage-watch.org<\/a><\/p>\n<p>&nbsp;<\/p>\n<p><img loading=\"lazy\" decoding=\"async\" class=\"alignleft wp-image-131\" src=\"http:\/\/earth3000.org\/content\/wp-content\/uploads\/2016\/09\/lib-mod.jpg\" width=\"100\" height=\"96\" \/><\/p>\n<p><strong>Zentrum f\u00fcr Liberale Moderne<\/strong> \u2013 f\u00fcr offene Gesellschaft, Sicherheit im Wandel und Gr\u00fcne \u00d6konomie, gegr\u00fcndet 2017, Gesellschafterin<br \/>\n<a href=\"http:\/\/www.libmod.de\">www.libmod.de<\/a><\/p>\n<p>&nbsp;<\/p>\n<p>&nbsp;<\/p>\n<p><span lang=\"EN-US\"><img loading=\"lazy\" decoding=\"async\" class=\"alignleft size-full wp-image-333\" src=\"https:\/\/earth3000.org\/content\/wp-content\/uploads\/2024\/08\/darwin-found.png\" alt=\"darwin-found\" width=\"150\" height=\"86\" \/><strong>Darwin Fund<\/strong> &#8211; Member, Advisory Board<br \/>\n<a href=\"https:\/\/darwinfund.org\" target=\"_blank\" rel=\"noopener\">https:\/\/darwinfund.org<\/a><\/span><\/p>\n<p>&nbsp;<\/p>\n<p>&nbsp;<\/p>\n<p><img loading=\"lazy\" decoding=\"async\" class=\"alignleft wp-image-39 size-full\" src=\"http:\/\/earth3000.org\/content\/wp-content\/uploads\/2016\/09\/iucn.png\" alt=\"iucn\" width=\"53\" height=\"50\" \/><strong>Commission for Social and Economic Policy \u2013 CEESP, Member (2001-)<\/strong><br \/>\nIUCN is the world\u2019s oldest and largest global environmental organisation, with almost 1,300 government and NGO Members and more than 15,000 volunteer experts in 185 countries. IUCN supports scientific research, manages field projects all over the world, and brings governments, NGOs, the UN and companies together to develop policy, laws and best practice<br \/>\n<a href=\"http:\/\/www.iucn.org\" target=\"_blank\" rel=\"noopener\">www.iucn.org<\/a><\/p>\n<p>&nbsp;<\/p>\n<p><strong><img loading=\"lazy\" decoding=\"async\" class=\"alignleft size-full wp-image-289\" src=\"https:\/\/earth3000.org\/content\/wp-content\/uploads\/2016\/09\/logo-accting.jpg\" alt=\"logo-accting\" width=\"200\" height=\"65\" \/>Advisory Board; European Science Foundation<\/strong><br \/>\nACCTING _Advancing Behavioural Change through an inclusive green deal<br \/>\n<a href=\"https:\/\/accting.eu\/advisory-board\/#\" target=\"_blank\" rel=\"noopener\">https:\/\/accting.eu\/advisory-board\/#<\/a><\/p>\n<p>&nbsp;<\/p>\n<p><img loading=\"lazy\" decoding=\"async\" class=\"alignleft size-full wp-image-172\" src=\"https:\/\/earth3000.org\/content\/wp-content\/uploads\/2016\/09\/compensate-finland.jpg\" alt=\"compensate-finland\" width=\"155\" height=\"143\" \/><strong>COMPENSATE, Finland \u2013 Member of the Scientific Advisory Panel (2020-)<\/strong><br \/>\nCompensate is a nonprofit on a mission to combat climate change by offering people ways to offset the emissions of everyday life.<br \/>\n<a href=\"https:\/\/compensate.com\/sustainability\" target=\"_blank\" rel=\"noopener\">https:\/\/compensate.com\/sustainability<\/a><\/p>\n<p>&nbsp;<\/p>\n<p>&nbsp;<\/p>\n<p><img loading=\"lazy\" decoding=\"async\" class=\"alignleft size-full wp-image-53\" src=\"http:\/\/earth3000.org\/content\/wp-content\/uploads\/2016\/09\/logo-biancajagger1.png\" alt=\"logo-biancajagger1\" width=\"100\" height=\"99\" \/><strong><span lang=\"EN-US\" style=\"font-family: 'Lucida Sans Unicode','sans-serif'; color: #2d7524;\">The Bianca Jagger Human Rights Foundation \u2013 London ( Trustee 2010-; Vice Chair 2017-)<\/span><\/strong><br \/>\nThe Bianca Jagger Human Rights Foundation (BJHRF) is dedicated to defending human rights, ending violence against women and girls, addressing the threat of climate change, supporting the rights of indigenous peoples and defending the rights of future Generations.<br \/>\n<a href=\"http:\/\/www.biancajagger.org\"><span lang=\"EN-US\">www.biancajagger.org<\/span><\/a><\/p>\n<p>&nbsp;<\/p>\n<p><img loading=\"lazy\" decoding=\"async\" class=\"alignleft size-full wp-image-58\" src=\"http:\/\/earth3000.org\/content\/wp-content\/uploads\/2016\/09\/betterplace.png\" alt=\"betterplace\" width=\"150\" height=\"43\" \/><strong>Betterplace \u2013 an on-line social investment platform \u2013 Berlin (Mitglied des Beirats 2008-)<\/strong><br \/>\nBetterplace is a highly innovative \u2013 and by now the largest German internet based Online-Donation Platform, assisting with fundraising for thousands of projects in Germany and around the world.<br \/>\n<a href=\"http:\/\/de.betterplace.org\" target=\"_blank\" rel=\"noopener\">http:\/\/de.betterplace.org<br \/>\n<\/a><\/p>\n<p>&nbsp;<\/p>\n<p><img loading=\"lazy\" decoding=\"async\" class=\"alignleft size-full wp-image-59\" src=\"http:\/\/earth3000.org\/content\/wp-content\/uploads\/2016\/09\/arredondar.png\" alt=\"arredondar\" width=\"100\" height=\"52\" \/><strong>Arredondar \u2013 Sao Paulo, Brazil <\/strong><br \/>\nA system of micro-donations for social projects.<br \/>\n<a href=\"http:\/\/www.arredondar.org.br\" target=\"_blank\" rel=\"noopener\">www.arredondar.org.br<\/a><\/p>\n<p>&nbsp;<\/p>\n<p><img loading=\"lazy\" decoding=\"async\" class=\"alignleft wp-image-40 size-full\" src=\"http:\/\/earth3000.org\/content\/wp-content\/uploads\/2016\/09\/lanu_logo.png\" alt=\"lanu_logo\" width=\"150\" height=\"70\" \/><strong>S\u00e4chsische Landesstiftung Natur und Umwelt \u2013 F\u00f6rderkomitee (2002-)<\/strong><br \/>\nOperating directly and through sponsorships, this Foundation supports and promotes protection of nature and environment in Saxony ( Freistaat Sachsen\/Germany).<br \/>\n<a href=\"http:\/\/www.lanu.de\" target=\"_blank\" rel=\"noopener\">www.lanu.de<\/a><\/p>\n<p><img loading=\"lazy\" decoding=\"async\" class=\"alignleft size-full wp-image-298\" src=\"https:\/\/earth3000.org\/content\/wp-content\/uploads\/2024\/08\/gruene.jpg\" alt=\"gruene\" width=\"200\" height=\"113\" \/>B\u00fcndnis 90\/Die Gr\u00fcnen<br \/>\n<a href=\"https:\/\/gruene-mittelsachsen.de\/\" target=\"_blank\" rel=\"noopener\">https:\/\/gruene-mittelsachsen.de\/<\/a><\/p>\n<p>&nbsp;<\/p>\n<p>&nbsp;<\/p>\n<p><img loading=\"lazy\" decoding=\"async\" class=\"alignleft size-full wp-image-36\" src=\"https:\/\/earth3000.org\/content\/wp-content\/uploads\/2016\/09\/wwf.png\" alt=\"wwf\" width=\"100\" height=\"99\" \/><strong>WWF Germany &#8211; Wissenschaftlicher Beirat<\/strong><br \/>\nhttps:\/\/www.wwf.de<\/p>\n<p>&nbsp;<\/p>\n<p>&nbsp;<\/p>\n<p><img loading=\"lazy\" decoding=\"async\" class=\"alignleft size-full wp-image-299\" src=\"https:\/\/earth3000.org\/content\/wp-content\/uploads\/2024\/08\/instituto-aupaba.jpg\" alt=\"instituto-aupaba\" width=\"109\" height=\"120\" \/><\/p>\n<p>Instituto Aupaba Regenerative Tourism<br \/>\n<a href=\"https:\/\/institutoaupaba.org\" target=\"_blank\" rel=\"noopener\">https:\/\/institutoaupaba.org<\/a><\/p>\n<p>&nbsp;<\/p>\n<p>&nbsp;<\/p>\n<p><img loading=\"lazy\" decoding=\"async\" class=\"alignleft size-full wp-image-318\" src=\"https:\/\/earth3000.org\/content\/wp-content\/uploads\/2024\/08\/reinsberg-er-leben.jpg\" alt=\"reinsberg-er-leben\" width=\"250\" height=\"81\" \/><br \/>\nKulturerbe Reinsberg, Verein Reinsberg.er.leben<br \/>\n<a href=\"https:\/\/www.reinsberg-er-leben.de\" target=\"_blank\" rel=\"noopener\">https:\/\/www.reinsberg-er-leben.de<\/a><\/p>\n","protected":false},"excerpt":{"rendered":"<p>Since its founding in 2001 Earth3000 has made numerous contributions to Innovations in Governance for Environment and Development. We have collaborated with other organizations in three interdependent fields of activity: Biodiversity, Climate, Green Economy &#8211; Development Cooperation, Human Rights, and Culture &#8211; Academic Engagements. &nbsp; Instituto de Estudos Avan\u00e7ados, University &hellip;<\/p>\n","protected":false},"author":1,"featured_media":0,"parent":0,"menu_order":0,"comment_status":"closed","ping_status":"closed","template":"","meta":{"footnotes":""},"class_list":["post-292","page","type-page","status-publish","hentry"],"_links":{"self":[{"href":"https:\/\/earth3000.org\/content\/wp-json\/wp\/v2\/pages\/292","targetHints":{"allow":["GET"]}}],"collection":[{"href":"https:\/\/earth3000.org\/content\/wp-json\/wp\/v2\/pages"}],"about":[{"href":"https:\/\/earth3000.org\/content\/wp-json\/wp\/v2\/types\/page"}],"author":[{"embeddable":true,"href":"https:\/\/earth3000.org\/content\/wp-json\/wp\/v2\/users\/1"}],"replies":[{"embeddable":true,"href":"https:\/\/earth3000.org\/content\/wp-json\/wp\/v2\/comments?post=292"}],"version-history":[{"count":24,"href":"https:\/\/earth3000.org\/content\/wp-json\/wp\/v2\/pages\/292\/revisions"}],"predecessor-version":[{"id":354,"href":"https:\/\/earth3000.org\/content\/wp-json\/wp\/v2\/pages\/292\/revisions\/354"}],"wp:attachment":[{"href":"https:\/\/earth3000.org\/content\/wp-json\/wp\/v2\/media?parent=292"}],"curies":[{"name":"wp","href":"https:\/\/api.w.org\/{rel}","templated":true}]}}