{"id":2,"date":"2016-09-28T11:07:20","date_gmt":"2016-09-28T09:07:20","guid":{"rendered":"http:\/\/earth3000.org\/content\/?page_id=2"},"modified":"2022-01-24T17:15:02","modified_gmt":"2022-01-24T16:15:02","slug":"academic-engagements","status":"publish","type":"page","link":"https:\/\/earth3000.org\/content\/academic-engagements\/","title":{"rendered":"Academic Engagements"},"content":{"rendered":"<p><img loading=\"lazy\" decoding=\"async\" class=\"alignleft wp-image-11 size-full\" src=\"http:\/\/earth3000.org\/content\/wp-content\/uploads\/2016\/09\/iea-logo-en.png\" alt=\"iea-logo-en\" width=\"207\" height=\"87\" \/><\/p>\n<p>Coordenadora Programa \u201eAmaz\u00f4nia em Transforma\u00e7\u00e3o \u2013 Hist\u00f3ria e Perspectivas\u201c\u00a0(AmazonIEA); www.<a href=\"mailto:amazoniea@usp.br\">amazoniea@usp.br<\/a>\u00a0(since 2009).<\/p>\n<p>The AmazonIEA program addresses biodiversity protection and contemporary Amazonian development.\u00a0 It serves the Rainforest Business School System, which now comprises three pillars: The Rainforest Social Business School (RSBS) at the University of the State of Amazonas (UEA); the Amazon Business School Online (AmazonBiz); and, academic advancement of the Rainforest Business as a multidisciplinary field of study. AmazonIEA supports the\u00a0<strong><u>Amazonia 4.0 Program\u00a0<\/u><\/strong><u>(<\/u><a href=\"http:\/\/www.amazonia4.org)\" target=\"_blank\">www.amazonia4.org)<\/a>, promoting a sustainable standing-forest-based bioeconomy in the Amazon Basin.<\/p>\n<p><span lang=\"EN-US\">\u00a0<\/span><\/p>\n<p><img loading=\"lazy\" decoding=\"async\" class=\"alignleft size-full wp-image-175\" src=\"https:\/\/earth3000.org\/content\/wp-content\/uploads\/2016\/09\/rainforest-social-business-.jpg\" alt=\"rainforest-social-business-\" width=\"296\" height=\"79\" \/>Advisor at the World\u2019s first Rainforest Business School, located in Manaus, Brazil: UEA Rainforest Social Business School <a href=\"http:\/\/rsbusinesschool.uea.edu.br\/\" target=\"_blank\">http:\/\/rsbusinesschool.uea.edu.br<\/a><\/p>\n<p>&nbsp;<\/p>\n","protected":false},"excerpt":{"rendered":"<p>Coordenadora Programa \u201eAmaz\u00f4nia em Transforma\u00e7\u00e3o \u2013 Hist\u00f3ria e Perspectivas\u201c\u00a0(AmazonIEA); www.amazoniea@usp.br\u00a0(since 2009). The AmazonIEA program addresses biodiversity protection and contemporary Amazonian development.\u00a0 It serves the Rainforest Business School System, which now comprises three pillars: The Rainforest Social Business School (RSBS) at the University of the State of Amazonas (UEA); the Amazon &hellip;<\/p>\n","protected":false},"author":1,"featured_media":0,"parent":0,"menu_order":0,"comment_status":"closed","ping_status":"open","template":"","meta":{"footnotes":""},"class_list":["post-2","page","type-page","status-publish","hentry"],"_links":{"self":[{"href":"https:\/\/earth3000.org\/content\/wp-json\/wp\/v2\/pages\/2","targetHints":{"allow":["GET"]}}],"collection":[{"href":"https:\/\/earth3000.org\/content\/wp-json\/wp\/v2\/pages"}],"about":[{"href":"https:\/\/earth3000.org\/content\/wp-json\/wp\/v2\/types\/page"}],"author":[{"embeddable":true,"href":"https:\/\/earth3000.org\/content\/wp-json\/wp\/v2\/users\/1"}],"replies":[{"embeddable":true,"href":"https:\/\/earth3000.org\/content\/wp-json\/wp\/v2\/comments?post=2"}],"version-history":[{"count":8,"href":"https:\/\/earth3000.org\/content\/wp-json\/wp\/v2\/pages\/2\/revisions"}],"predecessor-version":[{"id":205,"href":"https:\/\/earth3000.org\/content\/wp-json\/wp\/v2\/pages\/2\/revisions\/205"}],"wp:attachment":[{"href":"https:\/\/earth3000.org\/content\/wp-json\/wp\/v2\/media?parent=2"}],"curies":[{"name":"wp","href":"https:\/\/api.w.org\/{rel}","templated":true}]}}